{"id":100,"date":"2022-12-19T17:03:15","date_gmt":"2022-12-19T16:03:15","guid":{"rendered":"https:\/\/flipo-micro.fr\/?page_id=100"},"modified":"2024-09-11T11:54:01","modified_gmt":"2024-09-11T09:54:01","slug":"tarifs","status":"publish","type":"page","link":"https:\/\/www.flipo-micro.fr\/?page_id=100","title":{"rendered":"Tarifs"},"content":{"rendered":"\n<p class=\"has-black-color has-text-color\">S\u00e9ance de<mark style=\"background-color:rgba(0, 0, 0, 0);color:#098074\" class=\"has-inline-color\"> <strong>Th\u00e9rapie Manuelle Somato-\u00e9motionnelle<\/strong> <\/mark>(1h) : Adulte : 60 euros \/ Enfant : 40 euros<\/p>\n\n\n\n<p><\/p>\n\n\n\n<p class=\"has-black-color has-text-color\">S\u00e9ance d&#8217;<strong><mark style=\"background-color:rgba(0, 0, 0, 0);color:#098074\" class=\"has-inline-color\">IFS<\/mark><\/strong> (1h \u00e0 1h30) : 70 euros<\/p>\n\n\n\n<p><\/p>\n\n\n\n<p class=\"has-black-color has-text-color\">S\u00e9ance de <strong><mark style=\"background-color:rgba(0, 0, 0, 0);color:#098074\" class=\"has-inline-color\">R\u00e9\u00e9ducation Posturale Globale<\/mark><\/strong> :1\u00e9re s\u00e9ance (1h): 40 euros \/S\u00e9ances de suivi (45min): 30 euros<\/p>\n\n\n\n<p><em>En cas de difficult\u00e9s financi\u00e8res, les tarifs peuvent \u00eatre ajust\u00e9s, n&#8217;h\u00e9sitez pas \u00e0 m&#8217;en parler.<\/em><\/p>\n","protected":false},"excerpt":{"rendered":"<p>S\u00e9ance de Th\u00e9rapie Manuelle Somato-\u00e9motionnelle (1h) : Adulte : 60 euros \/ Enfant : 40 euros S\u00e9ance d&#8217;IFS (1h \u00e0 1h30) : 70 euros S\u00e9ance de R\u00e9\u00e9ducation Posturale Globale :1\u00e9re s\u00e9ance (1h): 40 euros \/S\u00e9ances de suivi (45min): 30 euros En cas de difficult\u00e9s financi\u00e8res, les tarifs peuvent \u00eatre ajust\u00e9s, n&#8217;h\u00e9sitez pas \u00e0 m&#8217;en parler.<\/p>\n","protected":false},"author":2,"featured_media":0,"parent":0,"menu_order":0,"comment_status":"closed","ping_status":"closed","template":"","meta":{"footnotes":""},"class_list":["post-100","page","type-page","status-publish","hentry","without-featured-image"],"_links":{"self":[{"href":"https:\/\/www.flipo-micro.fr\/index.php?rest_route=\/wp\/v2\/pages\/100","targetHints":{"allow":["GET"]}}],"collection":[{"href":"https:\/\/www.flipo-micro.fr\/index.php?rest_route=\/wp\/v2\/pages"}],"about":[{"href":"https:\/\/www.flipo-micro.fr\/index.php?rest_route=\/wp\/v2\/types\/page"}],"author":[{"embeddable":true,"href":"https:\/\/www.flipo-micro.fr\/index.php?rest_route=\/wp\/v2\/users\/2"}],"replies":[{"embeddable":true,"href":"https:\/\/www.flipo-micro.fr\/index.php?rest_route=%2Fwp%2Fv2%2Fcomments&post=100"}],"version-history":[{"count":11,"href":"https:\/\/www.flipo-micro.fr\/index.php?rest_route=\/wp\/v2\/pages\/100\/revisions"}],"predecessor-version":[{"id":342,"href":"https:\/\/www.flipo-micro.fr\/index.php?rest_route=\/wp\/v2\/pages\/100\/revisions\/342"}],"wp:attachment":[{"href":"https:\/\/www.flipo-micro.fr\/index.php?rest_route=%2Fwp%2Fv2%2Fmedia&parent=100"}],"curies":[{"name":"wp","href":"https:\/\/api.w.org\/{rel}","templated":true}]}}