{"id":103,"date":"2022-12-19T17:20:33","date_gmt":"2022-12-19T16:20:33","guid":{"rendered":"https:\/\/flipo-micro.fr\/?page_id=103"},"modified":"2023-12-29T15:28:03","modified_gmt":"2023-12-29T14:28:03","slug":"contact","status":"publish","type":"page","link":"https:\/\/www.flipo-micro.fr\/?page_id=103","title":{"rendered":"Contact"},"content":{"rendered":"\n<p>Je vous accueille au cabinet du presbyt\u00e8re, \u00e0 Verfeil-sur-Seye.<\/p>\n\n\n\n<p>Au c\u0153ur du village, le cabinet est accol\u00e9 \u00e0 l&#8217;\u00e9glise. Vous entrez dans la cour par un petit portail vert sous la statue, au fond \u00e0 gauche la salle d&#8217;attente est vitr\u00e9e.<\/p>\n\n\n\n<p>Si vous venez en voiture, merci de vous garer sur le parking du monument aux morts au bout de la rue<\/p>\n\n\n\n<div class=\"wp-block-group is-content-justification-space-between is-nowrap is-layout-flex wp-container-core-group-is-layout-0dfbf163 wp-block-group-is-layout-flex\">\n<div class=\"wp-block-group\"><div class=\"wp-block-group__inner-container is-layout-constrained wp-block-group-is-layout-constrained\">\n<div class=\"wp-block-group\"><div class=\"wp-block-group__inner-container is-layout-constrained wp-block-group-is-layout-constrained\">\n<div class=\"wp-block-group\"><div class=\"wp-block-group__inner-container is-layout-constrained wp-block-group-is-layout-constrained\">\n<div class=\"wp-block-group is-vertical is-layout-flex wp-container-core-group-is-layout-8cf370e7 wp-block-group-is-layout-flex\">\n<p>Pour venir :<\/p>\n\n\n\n<p><strong>Adeline Flipo<\/strong><\/p>\n\n\n\n<p><strong>Cabinet du presbyt\u00e8re<\/strong><\/p>\n\n\n\n<p><strong>Rue de l&#8217;\u00e9glise<\/strong><\/p>\n\n\n\n<p><strong>82330 Verfeil sur Seye<\/strong><\/p>\n<\/div>\n<\/div><\/div>\n<\/div><\/div>\n<\/div><\/div>\n\n\n\n<div class=\"wp-block-columns is-layout-flex wp-container-core-columns-is-layout-9d6595d7 wp-block-columns-is-layout-flex\">\n<div class=\"wp-block-column is-layout-flow wp-block-column-is-layout-flow\">\n<p><\/p>\n<\/div>\n<\/div>\n\n\n\n<div class=\"wp-block-group is-vertical is-layout-flex wp-container-core-group-is-layout-8cf370e7 wp-block-group-is-layout-flex\">\n<p>Pour me contacter, au t\u00e9l\u00e9phone ou par SMS:<\/p>\n\n\n\n<figure class=\"wp-block-image size-full is-resized\"><img loading=\"lazy\" decoding=\"async\" width=\"399\" height=\"177\" src=\"http:\/\/www.flipo-micro.fr\/wp-content\/uploads\/2023\/09\/Screenshot_2023-04-04-14-40-36-103_com.fsck_.k9_1.jpg\" alt=\"\" class=\"wp-image-298\" style=\"width:166px;height:74px\" srcset=\"https:\/\/www.flipo-micro.fr\/wp-content\/uploads\/2023\/09\/Screenshot_2023-04-04-14-40-36-103_com.fsck_.k9_1.jpg 399w, https:\/\/www.flipo-micro.fr\/wp-content\/uploads\/2023\/09\/Screenshot_2023-04-04-14-40-36-103_com.fsck_.k9_1-300x133.jpg 300w\" sizes=\"auto, (max-width: 399px) 100vw, 399px\" \/><\/figure>\n<\/div>\n<\/div>\n\n\n<div class=\"wp-block-image\">\n<figure class=\"alignleft size-full is-resized\"><img loading=\"lazy\" decoding=\"async\" width=\"270\" height=\"315\" src=\"http:\/\/www.flipo-micro.fr\/wp-content\/uploads\/2023\/09\/logo-officiel-lsf.png\" alt=\"\" class=\"wp-image-300\" style=\"width:81px;height:94px\" srcset=\"https:\/\/www.flipo-micro.fr\/wp-content\/uploads\/2023\/09\/logo-officiel-lsf.png 270w, https:\/\/www.flipo-micro.fr\/wp-content\/uploads\/2023\/09\/logo-officiel-lsf-257x300.png 257w\" sizes=\"auto, (max-width: 270px) 100vw, 270px\" \/><\/figure>\n<\/div>\n\n\n<p><\/p>\n\n\n\n<p><em>Accessibilit\u00e9 LSF &#8211; Premier contact par sms &#8211; Appel-visio possible et s\u00e9ance en LSF<\/em><\/p>\n\n\n\n<p><\/p>\n\n\n\n<p><em>En cas de difficult\u00e9 pour vous d\u00e9placer, contactez-moi. Je peux proposer de faire la s\u00e9ance \u00e0 votre domicile.<\/em><\/p>\n\n\n\n<p><\/p>\n\n\n\n<div class=\"wp-block-columns is-layout-flex wp-container-core-columns-is-layout-9d6595d7 wp-block-columns-is-layout-flex\">\n<div class=\"wp-block-column is-layout-flow wp-block-column-is-layout-flow\" style=\"flex-basis:50%\"><\/div>\n\n\n\n<div class=\"wp-block-column is-layout-flow wp-block-column-is-layout-flow\" style=\"flex-basis:50%\"><\/div>\n<\/div>\n\n\n\n<p><\/p>\n\n\n\n<p><\/p>\n\n\n\n<p><\/p>\n","protected":false},"excerpt":{"rendered":"<p>Je vous accueille au cabinet du presbyt\u00e8re, \u00e0 Verfeil-sur-Seye. Au c\u0153ur du village, le cabinet est accol\u00e9 \u00e0 l&#8217;\u00e9glise. Vous entrez dans la cour par un petit portail vert sous la statue, au fond \u00e0 gauche la salle d&#8217;attente est vitr\u00e9e. Si vous venez en voiture, merci de vous garer sur le parking du monument&hellip; <a href=\"https:\/\/www.flipo-micro.fr\/?page_id=103\" class=\"more-link\">Continue reading <span class=\"screen-reader-text\">Contact<\/span><\/a><\/p>\n","protected":false},"author":2,"featured_media":0,"parent":0,"menu_order":0,"comment_status":"closed","ping_status":"closed","template":"","meta":{"footnotes":""},"class_list":["post-103","page","type-page","status-publish","hentry","without-featured-image"],"_links":{"self":[{"href":"https:\/\/www.flipo-micro.fr\/index.php?rest_route=\/wp\/v2\/pages\/103","targetHints":{"allow":["GET"]}}],"collection":[{"href":"https:\/\/www.flipo-micro.fr\/index.php?rest_route=\/wp\/v2\/pages"}],"about":[{"href":"https:\/\/www.flipo-micro.fr\/index.php?rest_route=\/wp\/v2\/types\/page"}],"author":[{"embeddable":true,"href":"https:\/\/www.flipo-micro.fr\/index.php?rest_route=\/wp\/v2\/users\/2"}],"replies":[{"embeddable":true,"href":"https:\/\/www.flipo-micro.fr\/index.php?rest_route=%2Fwp%2Fv2%2Fcomments&post=103"}],"version-history":[{"count":20,"href":"https:\/\/www.flipo-micro.fr\/index.php?rest_route=\/wp\/v2\/pages\/103\/revisions"}],"predecessor-version":[{"id":333,"href":"https:\/\/www.flipo-micro.fr\/index.php?rest_route=\/wp\/v2\/pages\/103\/revisions\/333"}],"wp:attachment":[{"href":"https:\/\/www.flipo-micro.fr\/index.php?rest_route=%2Fwp%2Fv2%2Fmedia&parent=103"}],"curies":[{"name":"wp","href":"https:\/\/api.w.org\/{rel}","templated":true}]}}