{"id":2,"date":"2022-08-31T10:45:46","date_gmt":"2022-08-31T08:45:46","guid":{"rendered":"http:\/\/flipo-micro.fr\/?page_id=2"},"modified":"2024-09-11T11:56:07","modified_gmt":"2024-09-11T09:56:07","slug":"page-d-exemple","status":"publish","type":"page","link":"https:\/\/www.flipo-micro.fr\/","title":{"rendered":"Accueil"},"content":{"rendered":"\n<div class=\"wp-block-group\"><div class=\"wp-block-group__inner-container is-layout-constrained wp-block-group-is-layout-constrained\">\n<p class=\"has-text-align-center\"><mark style=\"background-color:rgba(0, 0, 0, 0);color:#098074\" class=\"has-inline-color\"><strong>Th\u00e9rapie Manuelle Somato-\u00e9motionnelle<\/strong><\/mark><mark style=\"background-color:rgba(0, 0, 0, 0)\" class=\"has-inline-color has-black-color\"> <\/mark><\/p>\n\n\n\n<figure class=\"wp-block-gallery alignleft has-nested-images columns-default is-cropped wp-block-gallery-1 is-layout-flex wp-block-gallery-is-layout-flex\">\n<figure class=\"wp-block-image size-full is-style-default\"><img loading=\"lazy\" decoding=\"async\" width=\"974\" height=\"765\" data-id=\"312\" src=\"http:\/\/www.flipo-micro.fr\/wp-content\/uploads\/2023\/09\/logo-microkine_recadre.png\" alt=\"\" class=\"wp-image-312\" srcset=\"https:\/\/www.flipo-micro.fr\/wp-content\/uploads\/2023\/09\/logo-microkine_recadre.png 974w, https:\/\/www.flipo-micro.fr\/wp-content\/uploads\/2023\/09\/logo-microkine_recadre-300x236.png 300w, https:\/\/www.flipo-micro.fr\/wp-content\/uploads\/2023\/09\/logo-microkine_recadre-768x603.png 768w\" sizes=\"auto, (max-width: 974px) 100vw, 974px\" \/><\/figure>\n<\/figure>\n\n\n\n<div class=\"wp-block-columns is-layout-flex wp-container-core-columns-is-layout-9d6595d7 wp-block-columns-is-layout-flex\">\n<div class=\"wp-block-column is-layout-flow wp-block-column-is-layout-flow\" style=\"flex-basis:100%\">\n<p><mark style=\"background-color:rgba(0, 0, 0, 0)\" class=\"has-inline-color has-black-color\">La Th\u00e9rapie Manuelle Somato-\u00e9motionnelle est une th\u00e9rapie manuelle douce et compl\u00e9mentaire. Elle sollicite la capacit\u00e9 du corps \u00e0 se r\u00e9g\u00e9n\u00e9rer de lui-m\u00eame. Cette m\u00e9thode nous aide \u00e0 \u00e9liminer naturellement les m\u00e9moires qui affaiblissent notre organisme.<\/mark> <a class=\"ek-link\" href=\"https:\/\/flipo-micro.fr\/microkine\/\">Lire plus&#8230;<\/a><\/p>\n<\/div>\n<\/div>\n<\/div><\/div>\n\n\n\n<p><\/p>\n\n\n<div class=\"wp-block-image\">\n<figure class=\"alignright size-thumbnail is-resized\"><img loading=\"lazy\" decoding=\"async\" width=\"150\" height=\"150\" src=\"http:\/\/www.flipo-micro.fr\/wp-content\/uploads\/2023\/09\/dessin-loup-2-2-150x150.jpg\" alt=\"\" class=\"wp-image-316\" style=\"width:187px;height:auto\" srcset=\"https:\/\/www.flipo-micro.fr\/wp-content\/uploads\/2023\/09\/dessin-loup-2-2-150x150.jpg 150w, https:\/\/www.flipo-micro.fr\/wp-content\/uploads\/2023\/09\/dessin-loup-2-2-180x180.jpg 180w\" sizes=\"auto, (max-width: 150px) 100vw, 150px\" \/><\/figure>\n<\/div>\n\n\n<p class=\"has-text-align-center\"><strong><mark style=\"background-color:rgba(0, 0, 0, 0);color:#098074\" class=\"has-inline-color\">Internal Family System (IFS)<\/mark><\/strong><\/p>\n\n\n\n<p><mark style=\"background-color:rgba(0, 0, 0, 0)\" class=\"has-inline-color has-black-color\">Le Syst\u00e8me Familial Int\u00e9rieur est une forme relativement nouvelle de th\u00e9rapie qui est compatissante, inclusive, spirituelle, puissamment gu\u00e9rissante et profond\u00e9ment respectueuse de notre vie int\u00e9rieure.<\/mark> <a class=\"ek-link\" href=\"https:\/\/flipo-micro.fr\/internal-family-system\/\">Lire plus&#8230;<\/a><\/p>\n\n\n\n<p><\/p>\n\n\n\n<p><\/p>\n\n\n<div class=\"wp-block-image\">\n<figure class=\"alignleft size-large is-resized\"><img loading=\"lazy\" decoding=\"async\" width=\"1024\" height=\"1024\" src=\"http:\/\/www.flipo-micro.fr\/wp-content\/uploads\/2023\/12\/dessin-loup-pied1-edited-1-1024x1024.jpg\" alt=\"\" class=\"wp-image-326\" style=\"aspect-ratio:1;width:149px;height:auto\" srcset=\"https:\/\/www.flipo-micro.fr\/wp-content\/uploads\/2023\/12\/dessin-loup-pied1-edited-1-1024x1024.jpg 1024w, https:\/\/www.flipo-micro.fr\/wp-content\/uploads\/2023\/12\/dessin-loup-pied1-edited-1-300x300.jpg 300w, https:\/\/www.flipo-micro.fr\/wp-content\/uploads\/2023\/12\/dessin-loup-pied1-edited-1-150x150.jpg 150w, https:\/\/www.flipo-micro.fr\/wp-content\/uploads\/2023\/12\/dessin-loup-pied1-edited-1-768x768.jpg 768w, https:\/\/www.flipo-micro.fr\/wp-content\/uploads\/2023\/12\/dessin-loup-pied1-edited-1-1536x1536.jpg 1536w, https:\/\/www.flipo-micro.fr\/wp-content\/uploads\/2023\/12\/dessin-loup-pied1-edited-1.jpg 1797w\" sizes=\"auto, (max-width: 1024px) 100vw, 1024px\" \/><\/figure>\n<\/div>\n\n\n<p class=\"has-text-align-center\"><strong><mark style=\"background-color:rgba(0, 0, 0, 0);color:#098074\" class=\"has-inline-color\">M\u00e9thode M\u00e9zi\u00e8res- R\u00e9\u00e9ducation Posturale Globale (RPG)<\/mark><\/strong><\/p>\n\n\n\n<p><mark style=\"background-color:rgba(0, 0, 0, 0)\" class=\"has-inline-color has-black-color\">La M\u00e9thode M\u00e9zi\u00e8res est avant tout une m\u00e9thode globale et posturale, destin\u00e9e \u00e0 r\u00e9\u00e9duquer le corps dans sa totalit\u00e9, en remontant \u00e0 l\u2019origine de la douleur.<\/mark> <a class=\"ek-link\" href=\"https:\/\/flipo-micro.fr\/methode-meziere\/\">Lire plus&#8230;<\/a><\/p>\n","protected":false},"excerpt":{"rendered":"<p>Th\u00e9rapie Manuelle Somato-\u00e9motionnelle La Th\u00e9rapie Manuelle Somato-\u00e9motionnelle est une th\u00e9rapie manuelle douce et compl\u00e9mentaire. Elle sollicite la capacit\u00e9 du corps \u00e0 se r\u00e9g\u00e9n\u00e9rer de lui-m\u00eame. Cette m\u00e9thode nous aide \u00e0 \u00e9liminer naturellement les m\u00e9moires qui affaiblissent notre organisme. Lire plus&#8230; Internal Family System (IFS) Le Syst\u00e8me Familial Int\u00e9rieur est une forme relativement nouvelle de th\u00e9rapie&hellip; <a href=\"https:\/\/www.flipo-micro.fr\/\" class=\"more-link\">Continue reading <span class=\"screen-reader-text\">Accueil<\/span><\/a><\/p>\n","protected":false},"author":2,"featured_media":0,"parent":0,"menu_order":0,"comment_status":"closed","ping_status":"open","template":"","meta":{"footnotes":""},"class_list":["post-2","page","type-page","status-publish","hentry","without-featured-image"],"_links":{"self":[{"href":"https:\/\/www.flipo-micro.fr\/index.php?rest_route=\/wp\/v2\/pages\/2","targetHints":{"allow":["GET"]}}],"collection":[{"href":"https:\/\/www.flipo-micro.fr\/index.php?rest_route=\/wp\/v2\/pages"}],"about":[{"href":"https:\/\/www.flipo-micro.fr\/index.php?rest_route=\/wp\/v2\/types\/page"}],"author":[{"embeddable":true,"href":"https:\/\/www.flipo-micro.fr\/index.php?rest_route=\/wp\/v2\/users\/2"}],"replies":[{"embeddable":true,"href":"https:\/\/www.flipo-micro.fr\/index.php?rest_route=%2Fwp%2Fv2%2Fcomments&post=2"}],"version-history":[{"count":26,"href":"https:\/\/www.flipo-micro.fr\/index.php?rest_route=\/wp\/v2\/pages\/2\/revisions"}],"predecessor-version":[{"id":340,"href":"https:\/\/www.flipo-micro.fr\/index.php?rest_route=\/wp\/v2\/pages\/2\/revisions\/340"}],"wp:attachment":[{"href":"https:\/\/www.flipo-micro.fr\/index.php?rest_route=%2Fwp%2Fv2%2Fmedia&parent=2"}],"curies":[{"name":"wp","href":"https:\/\/api.w.org\/{rel}","templated":true}]}}