{"id":49,"date":"2022-12-19T15:41:53","date_gmt":"2022-12-19T14:41:53","guid":{"rendered":"https:\/\/flipo-micro.fr\/?page_id=49"},"modified":"2023-09-14T16:29:53","modified_gmt":"2023-09-14T14:29:53","slug":"internal-family-system","status":"publish","type":"page","link":"https:\/\/www.flipo-micro.fr\/?page_id=49","title":{"rendered":"Syst\u00e8me Familial Int\u00e9rieur (IFS)"},"content":{"rendered":"<div class=\"wp-block-image\">\n<figure class=\"alignright size-large is-resized\"><img loading=\"lazy\" decoding=\"async\" src=\"http:\/\/www.flipo-micro.fr\/wp-content\/uploads\/2023\/09\/dessin-loup-2-2-1024x986.jpg\" alt=\"\" class=\"wp-image-316\" style=\"width:406px;height:405px\" width=\"406\" height=\"405\" srcset=\"https:\/\/www.flipo-micro.fr\/wp-content\/uploads\/2023\/09\/dessin-loup-2-2-150x150.jpg 150w, https:\/\/www.flipo-micro.fr\/wp-content\/uploads\/2023\/09\/dessin-loup-2-2-180x180.jpg 180w\" sizes=\"auto, (max-width: 406px) 100vw, 406px\" \/><\/figure>\n<\/div>\n\n\n<p class=\"has-text-align-justify\">Le Syst\u00e8me Familial Int\u00e9rieur (Internal Family System &#8211; IFS) est une forme relativement nouvelle de th\u00e9rapie qui est<mark style=\"background-color:rgba(0, 0, 0, 0);color:#098074\" class=\"has-inline-color\"> <strong>compatissante, inclusive, spirituelle, puissamment gu\u00e9rissante et profond\u00e9ment respectueuse de notre vie int\u00e9rieure<\/strong>.<\/mark> L&#8217;IFS reconna\u00eet que notre psychisme est compos\u00e9 de diff\u00e9rentes parties, parfois appelles sous-personnalit\u00e9s. Nous pouvons les consid\u00e9rer comme de petites personnes \u00e0 l&#8217;int\u00e9rieur de nous. Chaque partie a sa propre perspective, ses sentiments, ses souvenirs, ses objectifs et ses motivations.&nbsp;<\/p>\n\n\n\n<p class=\"has-text-align-justify\">Nous pouvons aller \u00e0 la rencontre de nos parts int\u00e9rieures et ainsi mieux comprendre les motifs de notre comportement, de nos sentiments, de nos attitudes. Il est possible de conna\u00eetre ces parties, de d\u00e9velopper des relations de confiance avec elles et de les aider \u00e0 gu\u00e9rir. Une fois gu\u00e9ries, elles n&#8217;ont plus besoin de se comporter d&#8217;une mani\u00e8re qui semble en contradiction avec nos intentions, nos valeurs, nos objectifs. <\/p>\n\n\n\n<p class=\"has-text-align-justify\">Ainsi, <strong><mark style=\"background-color:rgba(0, 0, 0, 0);color:#098074\" class=\"has-inline-color\">on acc\u00e8de peu \u00e0 peu une r\u00e9elle harmonie int\u00e9rieure, o\u00f9 se d\u00e9ploient calme, clart\u00e9, confiance et curiosit\u00e9, cr\u00e9ativit\u00e9, courage, compassion et connectivit\u00e9.<\/mark><\/strong><\/p>\n\n\n\n<p class=\"has-text-align-justify\">En s\u00e9ance, je vous accompagne \u00e0 la rencontre de votre syst\u00e8me int\u00e9rieur. Je vous aide \u00e0 dialoguer et \u00e0 faire dialoguer les diff\u00e9rentes parties de vous-m\u00eame. Je vous guide pour cheminer vers <mark style=\"background-color:rgba(0, 0, 0, 0);color:#098074\" class=\"has-inline-color\"><strong>plus de lien et d&#8217;harmonie avec vous-m\u00eame<\/strong>, <\/mark><mark style=\"background-color:rgba(0, 0, 0, 0)\" class=\"has-inline-color has-black-color\">amenant <\/mark><mark style=\"background-color:rgba(0, 0, 0, 0);color:#098074\" class=\"has-inline-color\"><strong>plus d&#8217;espace int\u00e9rieur et de pr\u00e9sence authentique pour vous et votre entourage.<\/strong><\/mark><\/p>\n\n\n\n<p><\/p>\n\n\n\n<p><a href=\"https:\/\/ifs-association.com\/\" target=\"_blank\" rel=\"noreferrer noopener\">Lien vers le site de l&#8217;IFS association<\/a><\/p>\n","protected":false},"excerpt":{"rendered":"<p>Le Syst\u00e8me Familial Int\u00e9rieur (Internal Family System &#8211; IFS) est une forme relativement nouvelle de th\u00e9rapie qui est compatissante, inclusive, spirituelle, puissamment gu\u00e9rissante et profond\u00e9ment respectueuse de notre vie int\u00e9rieure. L&#8217;IFS reconna\u00eet que notre psychisme est compos\u00e9 de diff\u00e9rentes parties, parfois appelles sous-personnalit\u00e9s. Nous pouvons les consid\u00e9rer comme de petites personnes \u00e0 l&#8217;int\u00e9rieur de nous.&hellip; <a href=\"https:\/\/www.flipo-micro.fr\/?page_id=49\" class=\"more-link\">Continue reading <span class=\"screen-reader-text\">Syst\u00e8me Familial Int\u00e9rieur (IFS)<\/span><\/a><\/p>\n","protected":false},"author":2,"featured_media":0,"parent":0,"menu_order":0,"comment_status":"closed","ping_status":"closed","template":"","meta":{"footnotes":""},"class_list":["post-49","page","type-page","status-publish","hentry","without-featured-image"],"_links":{"self":[{"href":"https:\/\/www.flipo-micro.fr\/index.php?rest_route=\/wp\/v2\/pages\/49","targetHints":{"allow":["GET"]}}],"collection":[{"href":"https:\/\/www.flipo-micro.fr\/index.php?rest_route=\/wp\/v2\/pages"}],"about":[{"href":"https:\/\/www.flipo-micro.fr\/index.php?rest_route=\/wp\/v2\/types\/page"}],"author":[{"embeddable":true,"href":"https:\/\/www.flipo-micro.fr\/index.php?rest_route=\/wp\/v2\/users\/2"}],"replies":[{"embeddable":true,"href":"https:\/\/www.flipo-micro.fr\/index.php?rest_route=%2Fwp%2Fv2%2Fcomments&post=49"}],"version-history":[{"count":23,"href":"https:\/\/www.flipo-micro.fr\/index.php?rest_route=\/wp\/v2\/pages\/49\/revisions"}],"predecessor-version":[{"id":317,"href":"https:\/\/www.flipo-micro.fr\/index.php?rest_route=\/wp\/v2\/pages\/49\/revisions\/317"}],"wp:attachment":[{"href":"https:\/\/www.flipo-micro.fr\/index.php?rest_route=%2Fwp%2Fv2%2Fmedia&parent=49"}],"curies":[{"name":"wp","href":"https:\/\/api.w.org\/{rel}","templated":true}]}}