{"id":77,"date":"2022-12-19T15:39:26","date_gmt":"2022-12-19T14:39:26","guid":{"rendered":"https:\/\/flipo-micro.fr\/?page_id=77"},"modified":"2024-09-11T11:46:48","modified_gmt":"2024-09-11T09:46:48","slug":"microkine","status":"publish","type":"page","link":"https:\/\/www.flipo-micro.fr\/?page_id=77","title":{"rendered":"Th\u00e9rapie Manuelle Somato-\u00e9motionnelle"},"content":{"rendered":"<div class=\"wp-block-image\">\n<figure class=\"alignleft size-full is-resized\"><img loading=\"lazy\" decoding=\"async\" width=\"974\" height=\"765\" src=\"http:\/\/www.flipo-micro.fr\/wp-content\/uploads\/2023\/09\/logo-microkine_recadre.png\" alt=\"\" class=\"wp-image-312\" style=\"width:96px;height:75px\" srcset=\"https:\/\/www.flipo-micro.fr\/wp-content\/uploads\/2023\/09\/logo-microkine_recadre.png 974w, https:\/\/www.flipo-micro.fr\/wp-content\/uploads\/2023\/09\/logo-microkine_recadre-300x236.png 300w, https:\/\/www.flipo-micro.fr\/wp-content\/uploads\/2023\/09\/logo-microkine_recadre-768x603.png 768w\" sizes=\"auto, (max-width: 974px) 100vw, 974px\" \/><\/figure>\n<\/div>\n\n\n<p class=\"has-text-align-justify\">La Th\u00e9rapie Manuelle Somato-\u00e9motionnelle est une <strong>th\u00e9rapie manuelle douce et compl\u00e9mentaire<\/strong>. Elle sollicite la capacit\u00e9 du corps \u00e0 se r\u00e9g\u00e9n\u00e9rer de lui-m\u00eame. Cette m\u00e9thode nous aide \u00e0 \u00e9liminer naturellement les m\u00e9moires qui affaiblissent notre organisme.<\/p>\n\n\n\n<p class=\"has-text-align-justify\"><em><strong>Comment ?<\/strong><\/em><br>Le d\u00e9r\u00e8glement d\u2019un organe ou d\u2019une fonction cr\u00e9e un sympt\u00f4me. Le th\u00e9rapeute n\u2019agit pas directement sur ce sympt\u00f4me, mais va aider le corps du patient \u00e0 lutter contre le dysfonctionnement. Pour cela, le microkin\u00e9 suit un protocole de soins en effectuant des <strong>micropalpations<\/strong> sur le corps du patient qui est allong\u00e9 sur une table de soin en restant habill\u00e9 (v\u00eatements l\u00e9gers). Le th\u00e9rapeute per\u00e7oit entre ses mains des restrictions particuli\u00e8res qui correspondent aux impacts (physiques, \u00e9motionnels, environnementaux&#8230;) v\u00e9cus par la personne que le corps n&#8217;a pas pu r\u00e9\u00e9quilibrer. Des micropalpations sp\u00e9cifiques vont d\u00e9clencher le <strong>m\u00e9canisme r\u00e9parateur <\/strong>du corps.<\/p>\n\n\n\n<p class=\"has-text-align-justify\"><strong><em>Pour qui ?<\/em><\/strong><br>Toute personne qui souffre d\u2019un dysfonctionnement (d\u00e9r\u00e8glement d\u2019un organe ou d\u2019une fonction, per\u00e7u ou non par le patient au niveau physique ou psychologique) peut \u00eatre trait\u00e9e en microkin\u00e9, quelque soit son \u00e2ge et le type de maladie dont elle est atteinte.<br>Les s\u00e9ances peuvent \u00eatre pr\u00e9ventives ou curatives.<\/p>\n\n\n\n<p><strong><em>Pour quoi ?<\/em><\/strong><br>Les indications sont multiples <\/p>\n\n\n\n<div class=\"wp-block-columns is-layout-flex wp-container-core-columns-is-layout-9d6595d7 wp-block-columns-is-layout-flex\">\n<div class=\"wp-block-column is-layout-flow wp-block-column-is-layout-flow\">\n<p><strong>Physique<\/strong><\/p>\n\n\n\n<ul class=\"wp-block-list\">\n<li>Douleurs aigu\u00ebs ou chroniques (cervicalgie, lombalgie, sciatique\u2026)<\/li>\n\n\n\n<li>Migraines<\/li>\n\n\n\n<li>Acouph\u00e8nes<\/li>\n\n\n\n<li>Gastrite<\/li>\n\n\n\n<li>Fibromyalgie<\/li>\n<\/ul>\n\n\n\n<p><strong>\u00c9motionnel<\/strong><\/p>\n\n\n\n<ul class=\"wp-block-list\">\n<li>Stress, anxi\u00e9t\u00e9<\/li>\n\n\n\n<li>Angoisse<\/li>\n\n\n\n<li>D\u00e9pression<\/li>\n\n\n\n<li>Phobies<\/li>\n\n\n\n<li>\u00c9motions<\/li>\n<\/ul>\n\n\n\n<p><strong>Environnemental<\/strong><\/p>\n\n\n\n<ul class=\"wp-block-list\">\n<li>Asthme, allergies<\/li>\n\n\n\n<li>Ecz\u00e9ma, psoriasis<\/li>\n\n\n\n<li>Intol\u00e9rances alimentaires<\/li>\n\n\n\n<li>Effets secondaires de chimioth\u00e9rapie et radioth\u00e9rapie<\/li>\n<\/ul>\n<\/div>\n\n\n\n<div class=\"wp-block-column is-layout-flow wp-block-column-is-layout-flow\">\n<p><strong>\u00c9nergie<\/strong><\/p>\n\n\n\n<ul class=\"wp-block-list\">\n<li>Fatigue<\/li>\n\n\n\n<li>Sommeil: insomnie, cauchemars<\/li>\n\n\n\n<li>Humeur<\/li>\n\n\n\n<li>L\u00e2cher prise<\/li>\n<\/ul>\n\n\n\n<p><strong>Nourrisson<\/strong><\/p>\n\n\n\n<ul class=\"wp-block-list\">\n<li>Sommeil<\/li>\n\n\n\n<li>R\u00e9gurgitations<\/li>\n\n\n\n<li>Coliques<\/li>\n\n\n\n<li>Anxi\u00e9t\u00e9 de s\u00e9paration<\/li>\n<\/ul>\n\n\n\n<p><strong>Enfant<\/strong><\/p>\n\n\n\n<ul class=\"wp-block-list\">\n<li>Apprentissages, concentration<\/li>\n\n\n\n<li>Anxi\u00e9t\u00e9, stress<\/li>\n\n\n\n<li>Gestion des \u00e9motions<\/li>\n\n\n\n<li>Peur de l\u2019\u00e9cole<\/li>\n\n\n\n<li>Pipi au lit<\/li>\n<\/ul>\n<\/div>\n<\/div>\n\n\n\n<p class=\"has-text-align-justify\"><strong><em>En pratique <\/em><\/strong><br>La s\u00e9ance dure 1h. Pendant les deux jours qui suivent la s\u00e9ance, afin d&#8217;optimiser l&#8217;auto-r\u00e9paration, pensez \u00e0 bien vous hydrater, et \u00e0 \u00e9viter les activit\u00e9s physiques tr\u00e8s intenses.<\/p>\n\n\n\n<p><\/p>\n\n\n\n<p><\/p>\n","protected":false},"excerpt":{"rendered":"<p>La Th\u00e9rapie Manuelle Somato-\u00e9motionnelle est une th\u00e9rapie manuelle douce et compl\u00e9mentaire. Elle sollicite la capacit\u00e9 du corps \u00e0 se r\u00e9g\u00e9n\u00e9rer de lui-m\u00eame. Cette m\u00e9thode nous aide \u00e0 \u00e9liminer naturellement les m\u00e9moires qui affaiblissent notre organisme. Comment ?Le d\u00e9r\u00e8glement d\u2019un organe ou d\u2019une fonction cr\u00e9e un sympt\u00f4me. Le th\u00e9rapeute n\u2019agit pas directement sur ce sympt\u00f4me, mais&hellip; <a href=\"https:\/\/www.flipo-micro.fr\/?page_id=77\" class=\"more-link\">Continue reading <span class=\"screen-reader-text\">Th\u00e9rapie Manuelle Somato-\u00e9motionnelle<\/span><\/a><\/p>\n","protected":false},"author":2,"featured_media":0,"parent":0,"menu_order":0,"comment_status":"closed","ping_status":"closed","template":"","meta":{"footnotes":""},"class_list":["post-77","page","type-page","status-publish","hentry","without-featured-image"],"_links":{"self":[{"href":"https:\/\/www.flipo-micro.fr\/index.php?rest_route=\/wp\/v2\/pages\/77","targetHints":{"allow":["GET"]}}],"collection":[{"href":"https:\/\/www.flipo-micro.fr\/index.php?rest_route=\/wp\/v2\/pages"}],"about":[{"href":"https:\/\/www.flipo-micro.fr\/index.php?rest_route=\/wp\/v2\/types\/page"}],"author":[{"embeddable":true,"href":"https:\/\/www.flipo-micro.fr\/index.php?rest_route=\/wp\/v2\/users\/2"}],"replies":[{"embeddable":true,"href":"https:\/\/www.flipo-micro.fr\/index.php?rest_route=%2Fwp%2Fv2%2Fcomments&post=77"}],"version-history":[{"count":14,"href":"https:\/\/www.flipo-micro.fr\/index.php?rest_route=\/wp\/v2\/pages\/77\/revisions"}],"predecessor-version":[{"id":336,"href":"https:\/\/www.flipo-micro.fr\/index.php?rest_route=\/wp\/v2\/pages\/77\/revisions\/336"}],"wp:attachment":[{"href":"https:\/\/www.flipo-micro.fr\/index.php?rest_route=%2Fwp%2Fv2%2Fmedia&parent=77"}],"curies":[{"name":"wp","href":"https:\/\/api.w.org\/{rel}","templated":true}]}}